{"id":2,"date":"2018-10-22T06:57:18","date_gmt":"2018-10-22T06:57:18","guid":{"rendered":"http:\/\/192.168.7.161:10087\/?page_id=2"},"modified":"2022-09-09T13:54:06","modified_gmt":"2022-09-09T11:54:06","slug":"the-project","status":"publish","type":"page","link":"https:\/\/www.gemma-project.eu\/it\/the-project\/","title":{"rendered":"Progetto"},"content":{"rendered":"<div data-elementor-type=\"wp-post\" data-elementor-id=\"2\" class=\"elementor elementor-2\" data-elementor-post-type=\"page\">\n\t\t\t\t\t\t<section class=\"elementor-section elementor-top-section elementor-element elementor-element-3325dfe5 elementor-section-full_width elementor-section-content-middle elementor-section-height-default elementor-section-height-default\" data-id=\"3325dfe5\" data-element_type=\"section\" data-e-type=\"section\">\n\t\t\t\t\t\t<div class=\"elementor-container elementor-column-gap-no\">\n\t\t\t\t\t<div class=\"elementor-column elementor-col-33 elementor-top-column elementor-element elementor-element-25d2b65c elementor-invisible\" data-id=\"25d2b65c\" data-element_type=\"column\" data-e-type=\"column\" data-settings=\"{&quot;background_background&quot;:&quot;classic&quot;,&quot;animation&quot;:&quot;zoomIn&quot;}\">\n\t\t\t<div class=\"elementor-widget-wrap elementor-element-populated\">\n\t\t\t\t\t<div class=\"elementor-background-overlay\"><\/div>\n\t\t\t\t\t\t<div class=\"elementor-element elementor-element-3e3214f0 elementor-widget elementor-widget-heading\" data-id=\"3e3214f0\" data-element_type=\"widget\" data-e-type=\"widget\" data-widget_type=\"heading.default\">\n\t\t\t\t<div class=\"elementor-widget-container\">\n\t\t\t\t\t<h6 class=\"elementor-heading-title elementor-size-default\">Ricerca multi-omica nell\u2019ambito dell\u2019autismo<\/h6>\t\t\t\t<\/div>\n\t\t\t\t<\/div>\n\t\t\t\t\t<\/div>\n\t\t<\/div>\n\t\t\t\t<div class=\"elementor-column elementor-col-66 elementor-top-column elementor-element elementor-element-6f005b11\" data-id=\"6f005b11\" data-element_type=\"column\" data-e-type=\"column\">\n\t\t\t<div class=\"elementor-widget-wrap elementor-element-populated\">\n\t\t\t\t\t\t<div class=\"elementor-element elementor-element-e3cc1e0 elementor-widget elementor-widget-heading\" data-id=\"e3cc1e0\" data-element_type=\"widget\" data-e-type=\"widget\" data-widget_type=\"heading.default\">\n\t\t\t\t<div class=\"elementor-widget-container\">\n\t\t\t\t\t<h1 class=\"elementor-heading-title elementor-size-default\">Il Progetto<\/h1>\t\t\t\t<\/div>\n\t\t\t\t<\/div>\n\t\t\t\t<div class=\"elementor-element elementor-element-cc6d12a elementor-widget-divider--view-line elementor-widget elementor-widget-divider\" data-id=\"cc6d12a\" data-element_type=\"widget\" data-e-type=\"widget\" data-widget_type=\"divider.default\">\n\t\t\t\t<div class=\"elementor-widget-container\">\n\t\t\t\t\t\t\t<div class=\"elementor-divider\">\n\t\t\t<span class=\"elementor-divider-separator\">\n\t\t\t\t\t\t<\/span>\n\t\t<\/div>\n\t\t\t\t\t\t<\/div>\n\t\t\t\t<\/div>\n\t\t\t\t<div class=\"elementor-element elementor-element-0190c6b elementor-tabs-view-horizontal elementor-widget elementor-widget-tabs\" data-id=\"0190c6b\" data-element_type=\"widget\" data-e-type=\"widget\" data-widget_type=\"tabs.default\">\n\t\t\t\t<div class=\"elementor-widget-container\">\n\t\t\t\t\t\t\t<div class=\"elementor-tabs\">\n\t\t\t<div class=\"elementor-tabs-wrapper\" role=\"tablist\" >\n\t\t\t\t\t\t\t\t\t<div id=\"elementor-tab-title-1641\" class=\"elementor-tab-title elementor-tab-desktop-title\" aria-selected=\"true\" data-tab=\"1\" role=\"tab\" tabindex=\"0\" aria-controls=\"elementor-tab-content-1641\" aria-expanded=\"false\">Per tutti<\/div>\n\t\t\t\t\t\t\t<\/div>\n\t\t\t<div class=\"elementor-tabs-content-wrapper\" role=\"tablist\" aria-orientation=\"vertical\">\n\t\t\t\t\t\t\t\t\t<div class=\"elementor-tab-title elementor-tab-mobile-title\" aria-selected=\"true\" data-tab=\"1\" role=\"tab\" tabindex=\"0\" aria-controls=\"elementor-tab-content-1641\" aria-expanded=\"false\">Per tutti<\/div>\n\t\t\t\t\t<div id=\"elementor-tab-content-1641\" class=\"elementor-tab-content elementor-clearfix\" data-tab=\"1\" role=\"tabpanel\" aria-labelledby=\"elementor-tab-title-1641\" tabindex=\"0\" hidden=\"false\"><p>GEMMA \u00e8 un consorzio di ricercatori internazionali a cui sono stati assegnati 14,2 milioni di euro di finanziamenti per la ricerca dall'UE. GEMMA condurr\u00e0 una ricerca innovativa che, per la prima volta, seguir\u00e0 i bambini (da 0 a 6 mesi di et\u00e0) che hanno una storia familiare di autismo (cio\u00e8 i fratelli di pazienti con autismo).<\/p><p><span style=\"color: var( --e-global-color-text ); font-family: var( --e-global-typography-text-font-family ), Sans-serif; font-weight: var( --e-global-typography-text-font-weight ); background-color: var(--nv-site-bg); font-size: var(--bodyFontSize); letter-spacing: var(--bodyLetterSpacing); text-transform: var(--bodyTextTransform);\">This research may lead to earlier diagnosis than is currently possible and help researcher to understand why some children develop autism and others do not.<\/span><\/p><p><b>Chi pu\u00f2 partecipare?<\/b><\/p><p>GEMMA \u00e8 un consorzio di ricercatori internazionali a cui sono stati assegnati 14,2 milioni di euro di finanziamenti per la ricerca dall'UE. GEMMA condurr\u00e0 una ricerca innovativa che, per la prima volta, seguir\u00e0 i bambini (da 0 a 6 mesi di et\u00e0) che hanno una storia familiare di autismo (cio\u00e8 i fratelli di pazienti con autismo).<\/p><p><b><i>They have a child with autism and have another child 0-6 months or are waiting for or planning a baby <\/i><\/b><\/p><p><b>Advantagies<\/b><\/p><p>If you choose to participate in the project, GEMMA will monitor your child\u2019s development and will administer an autism assessment every six months. If your child develops the condition, you will receive a diagnosis as early as possible which will allow you to access early intervention. If your child doesn\u2019t develop autism, you will have access to this information at the earliest possible age.<\/p><p><b>How to partecipate<\/b><\/p><p>If you would like to get involved in GEMMA or you would like more information, please contact the center closest to you:<\/p><p><b>Three patient recruitment centers are involved to allow a global sampling based on their geographical coverage:<\/b><\/p><ol><li>National University Of Ireland Galway (NUIG) <a href=\"http:\/\/www.nuigalway.ie\">www.nuigalway.ie<\/a><\/li><li>Irish Centre for Autism and Neurodevelopment Research (ICAN), Ireland\u00a0<a href=\"mailto:geraldine.leader@nuigalway.ie\" target=\"_blank\" rel=\"noopener\">geraldine.leader@nuigalway.ie<\/a><\/li><li class=\"translation-block\">ASL Salerno, Italy:\u00a0<a href=\"mailto:reclutamento@gemma-project.eu\" target=\"_blank\" rel=\"noopener\">reclutamento@gemma-project.eu<\/a><br \/>Antonietta Cicalese\n<br \/>+393493813364<\/li><li>The General Hospital Corporation, MGH, Boston, U.S.A.,\u00a0<a href=\"http:\/\/www.partners.org\" target=\"_blank\" rel=\"noopener\">www.partners.org<\/a>,\u00a0<a href=\"mailto:mghgemma@mgh.harvard.edu\" target=\"_blank\" rel=\"noopener\">mghgemma@mgh.harvard.edu<\/a><\/li><\/ol><\/div>\n\t\t\t\t\t\t\t<\/div>\n\t\t<\/div>\n\t\t\t\t\t\t<\/div>\n\t\t\t\t<\/div>\n\t\t\t\t<div class=\"elementor-element elementor-element-8ee61b8 elementor-tabs-view-horizontal elementor-widget elementor-widget-tabs\" data-id=\"8ee61b8\" data-element_type=\"widget\" data-e-type=\"widget\" id=\"prj\" data-widget_type=\"tabs.default\">\n\t\t\t\t<div class=\"elementor-widget-container\">\n\t\t\t\t\t\t\t<div class=\"elementor-tabs\">\n\t\t\t<div class=\"elementor-tabs-wrapper\" role=\"tablist\" >\n\t\t\t\t\t\t\t\t\t<div id=\"elementor-tab-title-1491\" class=\"elementor-tab-title elementor-tab-desktop-title\" aria-selected=\"true\" data-tab=\"1\" role=\"tab\" tabindex=\"0\" aria-controls=\"elementor-tab-content-1491\" aria-expanded=\"false\">Per tutti<\/div>\n\t\t\t\t\t\t\t\t\t<div id=\"elementor-tab-title-1492\" class=\"elementor-tab-title elementor-tab-desktop-title\" aria-selected=\"false\" data-tab=\"2\" role=\"tab\" tabindex=\"-1\" aria-controls=\"elementor-tab-content-1492\" aria-expanded=\"false\">Per Scienziati Dottori e Aziende<\/div>\n\t\t\t\t\t\t\t<\/div>\n\t\t\t<div class=\"elementor-tabs-content-wrapper\" role=\"tablist\" aria-orientation=\"vertical\">\n\t\t\t\t\t\t\t\t\t<div class=\"elementor-tab-title elementor-tab-mobile-title\" aria-selected=\"true\" data-tab=\"1\" role=\"tab\" tabindex=\"0\" aria-controls=\"elementor-tab-content-1491\" aria-expanded=\"false\">Per tutti<\/div>\n\t\t\t\t\t<div id=\"elementor-tab-content-1491\" class=\"elementor-tab-content elementor-clearfix\" data-tab=\"1\" role=\"tabpanel\" aria-labelledby=\"elementor-tab-title-1491\" tabindex=\"0\" hidden=\"false\"><p>GEMMA \u00e8 un consorzio di ricercatori internazionali a cui sono stati assegnati 14,2 milioni di euro di finanziamenti per la ricerca dall'UE. GEMMA condurr\u00e0 una ricerca innovativa che, per la prima volta, seguir\u00e0 i bambini (da 0 a 6 mesi di et\u00e0) che hanno una storia familiare di autismo (cio\u00e8 i fratelli di pazienti con autismo).<\/p><p><span style=\"color: var( --e-global-color-text ); font-family: var( --e-global-typography-text-font-family ), Sans-serif; font-weight: var( --e-global-typography-text-font-weight ); background-color: var(--nv-site-bg); font-size: var(--bodyFontSize); letter-spacing: var(--bodyLetterSpacing); text-transform: var(--bodyTextTransform);\">This research may lead to earlier diagnosis than is currently possible and help researcher to understand why some children develop autism and others do not.<\/span><\/p><p><b>Chi pu\u00f2 partecipare?<\/b><\/p><p>GEMMA \u00e8 un consorzio di ricercatori internazionali a cui sono stati assegnati 14,2 milioni di euro di finanziamenti per la ricerca dall'UE. GEMMA condurr\u00e0 una ricerca innovativa che, per la prima volta, seguir\u00e0 i bambini (da 0 a 6 mesi di et\u00e0) che hanno una storia familiare di autismo (cio\u00e8 i fratelli di pazienti con autismo).<\/p><p><b><i>They have a child with autism and have another child 0-6 months or are waiting for or planning a baby <\/i><\/b><\/p><p><b>Advantagies<\/b><\/p><p>If you choose to participate in the project, GEMMA will monitor your child\u2019s development and will administer an autism assessment every six months. If your child develops the condition, you will receive a diagnosis as early as possible which will allow you to access early intervention. If your child doesn\u2019t develop autism, you will have access to this information at the earliest possible age.<\/p><p><b>How to partecipate<\/b><\/p><p>If you would like to get involved in GEMMA or you would like more information, please contact the center closest to you:<\/p><p><b>Three patient recruitment centers are involved to allow a global sampling based on their geographical coverage:<\/b><\/p><ol><li>National University Of Ireland Galway (NUIG) <a href=\"http:\/\/www.nuigalway.ie\">www.nuigalway.ie<\/a><\/li><li>Irish Centre for Autism and Neurodevelopment Research (ICAN), Ireland\u00a0<a href=\"mailto:geraldine.leader@nuigalway.ie\" target=\"_blank\" rel=\"noopener\">geraldine.leader@nuigalway.ie<\/a><\/li><li class=\"translation-block\">ASL Salerno, Italy:\u00a0<a href=\"mailto:reclutamento@gemma-project.eu\" target=\"_blank\" rel=\"noopener\">reclutamento@gemma-project.eu<\/a><br \/>Antonietta Cicalese\n<br \/>+393493813364<\/li><li>The General Hospital Corporation, MGH, Boston, U.S.A.,\u00a0<a href=\"http:\/\/www.partners.org\" target=\"_blank\" rel=\"noopener\">www.partners.org<\/a>,\u00a0<a href=\"mailto:mghgemma@mgh.harvard.edu\" target=\"_blank\" rel=\"noopener\">mghgemma@mgh.harvard.edu<\/a><\/li><\/ol><\/div>\n\t\t\t\t\t\t\t\t\t<div class=\"elementor-tab-title elementor-tab-mobile-title\" aria-selected=\"false\" data-tab=\"2\" role=\"tab\" tabindex=\"-1\" aria-controls=\"elementor-tab-content-1492\" aria-expanded=\"false\">Per Scienziati Dottori e Aziende<\/div>\n\t\t\t\t\t<div id=\"elementor-tab-content-1492\" class=\"elementor-tab-content elementor-clearfix\" data-tab=\"2\" role=\"tabpanel\" aria-labelledby=\"elementor-tab-title-1492\" tabindex=\"0\" hidden=\"hidden\"><div class=\"translation-block\">GEMMA, che sta per genoma, ambiente, microbioma e metabolismo nell'autismo, \u00e8 un progetto multicentrico della Commissione Europea. \nGEMMA intende esplorare le interazioni tra microbioma intestinale, metaboloma, epigenoma e funzione immunitaria al fine di scoprire nuovi biomarcatori utili per la diagnosi precoce dell'autismo e come potenziali bersagli per terapie preventive personalizzate. \nLa Commissione Europea ha selezionato e finanziato il progetto GEMMA nell'ambito di Horizon2020, il pi\u00f9 grande programma di ricerca e innovazione dell'Unione Europea. Il finanziamento consiste in 14,2 milioni di euro per un progetto di 5 anni. GEMMA \u00e8 il primo progetto a combinare un approccio multi-omico con solidi dati ambientali per sfruttare l'analisi della composizione e della funzione del microbioma intestinale nella terapia personalizzata. I risultati permetteranno di intercettare il disturbo nei neonati che potrebbero sviluppare autismo perch\u00e8 hanno un fratello\/sorella che lo ha. Questo \u00e8 il nome di una serie di condizioni simili, inclusa la sindrome di Asperger, che influenzano l'interazione sociale, la comunicazione, gli interessi e il comportamento di una persona. Il progetto fornir\u00e0 una solida prova meccanicistica dell'insorgenza e della progressione dell\u2019autismo in relazione ai cambiamenti dinamici nel microbiota intestinale anormale (disbiosi). Questi cambiamenti, che causano modifiche del sistema epigenetico che controlla la barriera intestinale e le funzioni immunitarie, emergeranno dalla valutazione approfondita di 600 bambini che hanno una storia familiare di autismo (cio\u00e8 hanno un fratello\/sorella con autismo) osservati dalla nascita e seguiti nel tempo. Questi dati saranno integrati con studi preclinici per collegare meccanicisticamente la composizione \/ funzione del microbiota umano con gli esiti clinici ottenuti su modelli murini trapiantati con feci ottenute dal paziente con ASD. <br \/>\nGEMMA supporter\u00e0 nuovi approcci di prevenzione personalizzata (trattamento personalizzato) e di intercettazione del disturbo che mirano a modulare il microbiota intestinale per ristabilire \/ mantenere l'omeostasi immunitaria. I biomarcatori identificati in questo progetto contribuiranno a una migliore comprensione della patogenesi dell'ASD nei bambini a rischio e alla possibilit\u00e0 di manipolare il microbiota attraverso l'amministrazione di pre-probiotici per la prevenzione e il trattamento del disturb. L'identificazione di specifici fenotipi metabolici dell'ASD contribuir\u00e0 ulteriormente a definire biomarcatori che possono essere utilizzati come strumenti diagnostici e modelli di stratificazione del paziente per altre condizioni in cui \u00e8 stata sospettata o dimostrata l'interazione tra genoma, microbioma e profilo metabolico. Infine, il progetto raccoglier\u00e0 campioni biologici da una coorte di 600 bambini a rischio di ASD osservato dalla nascita, generando una biobanca unica di oltre 16.000 campioni di sangue, feci, urina e saliva raccolti prospetticamente che possono essere sfruttati in futuri studi multiomici.<\/div><\/div>\n\t\t\t\t\t\t\t<\/div>\n\t\t<\/div>\n\t\t\t\t\t\t<\/div>\n\t\t\t\t<\/div>\n\t\t\t\t\t<\/div>\n\t\t<\/div>\n\t\t\t\t\t<\/div>\n\t\t<\/section>\n\t\t\t\t<\/div>","protected":false},"excerpt":{"rendered":"<p>Multi-Omics Research in Autism The Project For All For All GEMMA is a consortium of international researchers who have been awarded \u20ac14.2M of research funding from the EU. GEMMA will conduct ground-breaking research that will, for the first time, follow children (from 0-6 months of age) who have a family history of autism (i.e. siblings&hellip;&nbsp;<a href=\"https:\/\/www.gemma-project.eu\/it\/the-project\/\" rel=\"bookmark\">Leggi tutto &raquo;<span class=\"screen-reader-text\">Progetto<\/span><\/a><\/p>","protected":false},"author":1,"featured_media":0,"parent":0,"menu_order":0,"comment_status":"closed","ping_status":"open","template":"page-templates\/template-pagebuilder-full-width.php","meta":{"neve_meta_sidebar":"","neve_meta_container":"","neve_meta_enable_content_width":"","neve_meta_content_width":70,"neve_meta_title_alignment":"","neve_meta_author_avatar":"","neve_post_elements_order":"","neve_meta_disable_header":"","neve_meta_disable_footer":"","neve_meta_disable_title":"on","footnotes":""},"class_list":["post-2","page","type-page","status-publish","hentry"],"_links":{"self":[{"href":"https:\/\/www.gemma-project.eu\/it\/wp-json\/wp\/v2\/pages\/2","targetHints":{"allow":["GET"]}}],"collection":[{"href":"https:\/\/www.gemma-project.eu\/it\/wp-json\/wp\/v2\/pages"}],"about":[{"href":"https:\/\/www.gemma-project.eu\/it\/wp-json\/wp\/v2\/types\/page"}],"author":[{"embeddable":true,"href":"https:\/\/www.gemma-project.eu\/it\/wp-json\/wp\/v2\/users\/1"}],"replies":[{"embeddable":true,"href":"https:\/\/www.gemma-project.eu\/it\/wp-json\/wp\/v2\/comments?post=2"}],"version-history":[{"count":79,"href":"https:\/\/www.gemma-project.eu\/it\/wp-json\/wp\/v2\/pages\/2\/revisions"}],"predecessor-version":[{"id":1590,"href":"https:\/\/www.gemma-project.eu\/it\/wp-json\/wp\/v2\/pages\/2\/revisions\/1590"}],"wp:attachment":[{"href":"https:\/\/www.gemma-project.eu\/it\/wp-json\/wp\/v2\/media?parent=2"}],"curies":[{"name":"wp","href":"https:\/\/api.w.org\/{rel}","templated":true}]}}